{"id":1247,"date":"2012-02-27T23:53:51","date_gmt":"2012-02-28T02:53:51","guid":{"rendered":"http:\/\/diretodasacristia.com\/home\/?page_id=1247"},"modified":"2012-07-27T13:10:21","modified_gmt":"2012-07-27T16:10:21","slug":"sobre","status":"publish","type":"page","link":"https:\/\/diretodasacristia.com\/home\/sobre\/","title":{"rendered":"Sobre"},"content":{"rendered":"<p style=\"text-align: justify;\">Em in\u00fameros de seus discursos, o Santo Padre Bento XVI tem pedido que a Igreja apresente o Evangelho e o Magist\u00e9rio em uma nova forma de evangeliza\u00e7\u00e3o, devido ao crescente relativismo religioso e doutrin\u00e1rio que s\u00e3o vis\u00edveis principalmente em pa\u00edses europeus onde outrora o Cristianismo era mais \u00e1vido. Esta vontade do Papa est\u00e1 ainda mais expressa no Pontif\u00edcio Conselho para a Promo\u00e7\u00e3o da Nova Evangeliza\u00e7\u00e3o institu\u00eddo por ele pr\u00f3prio para guiar os novos procedimentos que dever\u00e3o ser adotados no an\u00fancio da f\u00e9.<\/p>\n<p style=\"text-align: justify;\">\nA<em> internet<\/em> tamb\u00e9m encontra lugar nos pronunciamentos papais, onde \u00e9 creditada como um forte meio de evangeliza\u00e7\u00e3o, devido n\u00e3o s\u00f3 \u00e0 velocidade com que s\u00e3o veiculadas as informa\u00e7\u00f5es, ademais o alcance que ela possui em todo o mundo. Portanto, pensando na necessidade de apresentar os elementos da f\u00e9 cat\u00f3lica e atendendo ao desejo do Santo Padre, foi lan\u00e7ada em agosto de 2010 uma nova p\u00e1gina de not\u00edcias e artigos relativos \u00e0 vida e \u00e0 natureza da Igreja. Em parceria com outros blogs e sites, como tamb\u00e9m com conte\u00fado de seus pr\u00f3prios autores, o blog \u201cDireto da Sacristia\u201d tem informado aos seus visitantes elementos do vast\u00edssimo tesouro esp\u00edrito-cultural cat\u00f3lico que normalmente passam despercebidos ou sequer s\u00e3o ensinados, seja por descr\u00e9dito, seja por falta de quem os elucide.<\/p>\n<p style=\"text-align: justify;\">\n<p style=\"text-align: justify;\">Por que \u201cDireto da sacristia\u201d?<\/p>\n<p style=\"text-align: justify;\">No sacro ambiente da sacristia, encontram-se todos os membros da Hierarquia eclesi\u00e1stica, que se preparam para as divinas cerim\u00f4nias, como tamb\u00e9m os que, embora n\u00e3o integrem algum grau do sacerd\u00f3cio ministerial, encontram-se em vias de serem ordenados a ele.<\/p>\n<p style=\"text-align: justify;\">Inegavelmente, a sacristia ocupa um lugar preeminente na vida da Igreja. Em qualquer lugar do mundo, nela re\u00fanem-se purpurados do Sacro Col\u00e9gio, arcebispos e monsenhores membros dos dicast\u00e9rios romanos, bispos residentes das centenas de dioceses espalhadas pelo mundo, abades territoriais e superiores dos mais vener\u00e1veis mosteiros, priores e provinciais de ordens religiosas, c\u00f4negos de antigos cabidos diocesanos, presb\u00edteros e di\u00e1conos. Sem sombra de d\u00favidas, a sacristia assiste ao interc\u00e2mbio de not\u00edcias da vida da Igreja.<\/p>\n<p style=\"text-align: center;\"><a href=\"https:\/\/diretodasacristia.com\/home\/wp-content\/uploads\/2012\/02\/Paramenta\u00e7\u00e3o-cardeais-Bas\u00edlica-S\u00e3o-Pedro-Missa-beatifica\u00e7\u00e3o-Jo\u00e3o-Paulo-II-01-maio-2011.jpg\"><img loading=\"lazy\" decoding=\"async\" class=\"aligncenter  wp-image-1248\" title=\"Paramenta\u00e7\u00e3o cardeais Bas\u00edlica S\u00e3o Pedro Missa beatifica\u00e7\u00e3o Jo\u00e3o Paulo II 01 maio 2011\" src=\"https:\/\/diretodasacristia.com\/home\/wp-content\/uploads\/2012\/02\/Paramenta\u00e7\u00e3o-cardeais-Bas\u00edlica-S\u00e3o-Pedro-Missa-beatifica\u00e7\u00e3o-Jo\u00e3o-Paulo-II-01-maio-2011.jpg\" alt=\"\" width=\"483\" height=\"322\" srcset=\"https:\/\/diretodasacristia.com\/home\/wp-content\/uploads\/2012\/02\/Paramenta\u00e7\u00e3o-cardeais-Bas\u00edlica-S\u00e3o-Pedro-Missa-beatifica\u00e7\u00e3o-Jo\u00e3o-Paulo-II-01-maio-2011.jpg 604w, https:\/\/diretodasacristia.com\/home\/wp-content\/uploads\/2012\/02\/Paramenta\u00e7\u00e3o-cardeais-Bas\u00edlica-S\u00e3o-Pedro-Missa-beatifica\u00e7\u00e3o-Jo\u00e3o-Paulo-II-01-maio-2011-300x199.jpg 300w\" sizes=\"auto, (max-width: 483px) 100vw, 483px\" \/><\/a><\/p>\n<p style=\"text-align: center;\"><em>Cardeais se paramentam para a Missa com rito de beatifica\u00e7\u00e3o do Papa Jo\u00e3o Paulo II<\/em><br \/>\n<em>01 maio 2011\u00a0<\/em><\/p>\n<p style=\"text-align: justify;\">O bras\u00e3o que orna o Blog expressa bem tanto o nosso desejo, como esse novo movimento de sensibilidade lit\u00fargica: sobre um plano vermelho, ergue-se um le\u00e3o, que det\u00e9m um b\u00e1culo episcopal. Alude \u00e0 miss\u00e3o salv\u00edfica de Cristo que, apesar de ter perdoado o pecado de todos no intitulado \u201ccombate da cruz\u201d (vermelho), conduze a todos e a todos julgar\u00e1 com a docilidade de um pastor (b\u00e1culo). Sabendo que a Igreja Cat\u00f3lica nunca passou por tempos pac\u00edficos duradouros, sempre Cristo a acompanhou misticamente, como o prometera \u2013 em situa\u00e7\u00f5es agitadas, como agora, devemos n\u00b4Ele restaurar todas as coisas, como dizia o Papa S\u00e3o Pio X.<\/p>\n<p style=\"text-align: center;\"><a href=\"https:\/\/diretodasacristia.com\/home\/wp-content\/uploads\/2012\/02\/Bras\u00e3o-costas-Direto-Sacristia-marca-d\u00e1gua.jpg\"><img loading=\"lazy\" decoding=\"async\" class=\"aligncenter  wp-image-1256\" title=\"Bras\u00e3o Direto Sacristia (marca d'\u00e1gua)\" src=\"https:\/\/diretodasacristia.com\/home\/wp-content\/uploads\/2012\/02\/Bras\u00e3o-costas-Direto-Sacristia-marca-d\u00e1gua.jpg\" alt=\"\" width=\"405\" height=\"383\" srcset=\"https:\/\/diretodasacristia.com\/home\/wp-content\/uploads\/2012\/02\/Bras\u00e3o-costas-Direto-Sacristia-marca-d\u00e1gua.jpg 633w, https:\/\/diretodasacristia.com\/home\/wp-content\/uploads\/2012\/02\/Bras\u00e3o-costas-Direto-Sacristia-marca-d\u00e1gua-300x283.jpg 300w\" sizes=\"auto, (max-width: 405px) 100vw, 405px\" \/><\/a><\/p>\n<p style=\"text-align: center;\"><em>Bras\u00e3o do Blog, cuja divisa foi usada pelo Papa S. Pio X<\/em><\/p>\n<p style=\"text-align: justify;\">\n<p style=\"text-align: justify;\">\n","protected":false},"excerpt":{"rendered":"Em in\u00fameros de seus discursos, o Santo Padre Bento XVI tem pedido que a Igreja apresente o Evangelho e o Magist\u00e9rio em uma nova forma de evangeliza\u00e7\u00e3o, devido ao crescente relativismo religioso e doutrin\u00e1rio que s\u00e3o vis\u00edveis principalmente em pa\u00edses europeus onde outrora o Cristianismo era mais \u00e1vido. Esta vontade do Papa est\u00e1 ainda mais&#8230; <a class=\"view-article\" href=\"https:\/\/diretodasacristia.com\/home\/sobre\/\">Ver artigo<\/a>","protected":false},"author":3,"featured_media":0,"parent":0,"menu_order":0,"comment_status":"open","ping_status":"closed","template":"template-fullwidth.php","meta":{"jetpack_post_was_ever_published":false,"_joinchat":[],"footnotes":""},"class_list":["post-1247","page","type-page","status-publish","hentry"],"yoast_head":"<!-- This site is optimized with the Yoast SEO plugin v27.0 - https:\/\/yoast.com\/product\/yoast-seo-wordpress\/ -->\n<title>Sobre - Direto da Sacristia<\/title>\n<meta name=\"robots\" content=\"index, follow, max-snippet:-1, max-image-preview:large, max-video-preview:-1\" \/>\n<link rel=\"canonical\" href=\"https:\/\/diretodasacristia.com\/home\/sobre\/\" \/>\n<meta property=\"og:locale\" content=\"pt_BR\" \/>\n<meta property=\"og:type\" content=\"article\" \/>\n<meta property=\"og:title\" content=\"Sobre - Direto da Sacristia\" \/>\n<meta property=\"og:description\" content=\"Em in\u00fameros de seus discursos, o Santo Padre Bento XVI tem pedido que a Igreja apresente o Evangelho e o Magist\u00e9rio em uma nova forma de evangeliza\u00e7\u00e3o, devido ao crescente relativismo religioso e doutrin\u00e1rio que s\u00e3o vis\u00edveis principalmente em pa\u00edses europeus onde outrora o Cristianismo era mais \u00e1vido. Esta vontade do Papa est\u00e1 ainda mais... Ver artigo\" \/>\n<meta property=\"og:url\" content=\"https:\/\/diretodasacristia.com\/home\/sobre\/\" \/>\n<meta property=\"og:site_name\" content=\"Direto da Sacristia\" \/>\n<meta property=\"article:publisher\" content=\"https:\/\/www.facebook.com\/DiretoSacristia\" \/>\n<meta property=\"article:modified_time\" content=\"2012-07-27T16:10:21+00:00\" \/>\n<meta name=\"twitter:card\" content=\"summary_large_image\" \/>\n<meta name=\"twitter:site\" content=\"@diretosacristia\" \/>\n<meta name=\"twitter:label1\" content=\"Est. tempo de leitura\" \/>\n\t<meta name=\"twitter:data1\" content=\"3 minutos\" \/>\n<script type=\"application\/ld+json\" class=\"yoast-schema-graph\">{\"@context\":\"https:\/\/schema.org\",\"@graph\":[{\"@type\":\"WebPage\",\"@id\":\"https:\/\/diretodasacristia.com\/home\/sobre\/\",\"url\":\"https:\/\/diretodasacristia.com\/home\/sobre\/\",\"name\":\"Sobre - Direto da Sacristia\",\"isPartOf\":{\"@id\":\"https:\/\/diretodasacristia.com\/home\/#website\"},\"datePublished\":\"2012-02-28T02:53:51+00:00\",\"dateModified\":\"2012-07-27T16:10:21+00:00\",\"breadcrumb\":{\"@id\":\"https:\/\/diretodasacristia.com\/home\/sobre\/#breadcrumb\"},\"inLanguage\":\"pt-BR\",\"potentialAction\":[{\"@type\":\"ReadAction\",\"target\":[\"https:\/\/diretodasacristia.com\/home\/sobre\/\"]}]},{\"@type\":\"BreadcrumbList\",\"@id\":\"https:\/\/diretodasacristia.com\/home\/sobre\/#breadcrumb\",\"itemListElement\":[{\"@type\":\"ListItem\",\"position\":1,\"name\":\"In\u00edcio\",\"item\":\"https:\/\/diretodasacristia.com\/home\/\"},{\"@type\":\"ListItem\",\"position\":2,\"name\":\"Sobre\"}]},{\"@type\":\"WebSite\",\"@id\":\"https:\/\/diretodasacristia.com\/home\/#website\",\"url\":\"https:\/\/diretodasacristia.com\/home\/\",\"name\":\"Direto da Sacristia\",\"description\":\"Not\u00edcias e artigos sobre a f\u00e9 cat\u00f3lica\",\"publisher\":{\"@id\":\"https:\/\/diretodasacristia.com\/home\/#organization\"},\"potentialAction\":[{\"@type\":\"SearchAction\",\"target\":{\"@type\":\"EntryPoint\",\"urlTemplate\":\"https:\/\/diretodasacristia.com\/home\/?s={search_term_string}\"},\"query-input\":{\"@type\":\"PropertyValueSpecification\",\"valueRequired\":true,\"valueName\":\"search_term_string\"}}],\"inLanguage\":\"pt-BR\"},{\"@type\":\"Organization\",\"@id\":\"https:\/\/diretodasacristia.com\/home\/#organization\",\"name\":\"Direto da Sacristia\",\"url\":\"https:\/\/diretodasacristia.com\/home\/\",\"logo\":{\"@type\":\"ImageObject\",\"inLanguage\":\"pt-BR\",\"@id\":\"https:\/\/diretodasacristia.com\/home\/#\/schema\/logo\/image\/\",\"url\":\"https:\/\/i0.wp.com\/diretodasacristia.com\/home\/wp-content\/uploads\/2012\/01\/marca-sacristia.png?fit=320%2C306&ssl=1\",\"contentUrl\":\"https:\/\/i0.wp.com\/diretodasacristia.com\/home\/wp-content\/uploads\/2012\/01\/marca-sacristia.png?fit=320%2C306&ssl=1\",\"width\":\"320\",\"height\":\"306\",\"caption\":\"Direto da Sacristia\"},\"image\":{\"@id\":\"https:\/\/diretodasacristia.com\/home\/#\/schema\/logo\/image\/\"},\"sameAs\":[\"https:\/\/www.facebook.com\/DiretoSacristia\",\"https:\/\/x.com\/diretosacristia\",\"https:\/\/www.instagram.com\/diretodasacristia\/\",\"https:\/\/www.youtube.com\/diretodasacristia\"]}]}<\/script>\n<!-- \/ Yoast SEO plugin. -->","yoast_head_json":{"title":"Sobre - Direto da Sacristia","robots":{"index":"index","follow":"follow","max-snippet":"max-snippet:-1","max-image-preview":"max-image-preview:large","max-video-preview":"max-video-preview:-1"},"canonical":"https:\/\/diretodasacristia.com\/home\/sobre\/","og_locale":"pt_BR","og_type":"article","og_title":"Sobre - Direto da Sacristia","og_description":"Em in\u00fameros de seus discursos, o Santo Padre Bento XVI tem pedido que a Igreja apresente o Evangelho e o Magist\u00e9rio em uma nova forma de evangeliza\u00e7\u00e3o, devido ao crescente relativismo religioso e doutrin\u00e1rio que s\u00e3o vis\u00edveis principalmente em pa\u00edses europeus onde outrora o Cristianismo era mais \u00e1vido. Esta vontade do Papa est\u00e1 ainda mais... Ver artigo","og_url":"https:\/\/diretodasacristia.com\/home\/sobre\/","og_site_name":"Direto da Sacristia","article_publisher":"https:\/\/www.facebook.com\/DiretoSacristia","article_modified_time":"2012-07-27T16:10:21+00:00","twitter_card":"summary_large_image","twitter_site":"@diretosacristia","twitter_misc":{"Est. tempo de leitura":"3 minutos"},"schema":{"@context":"https:\/\/schema.org","@graph":[{"@type":"WebPage","@id":"https:\/\/diretodasacristia.com\/home\/sobre\/","url":"https:\/\/diretodasacristia.com\/home\/sobre\/","name":"Sobre - Direto da Sacristia","isPartOf":{"@id":"https:\/\/diretodasacristia.com\/home\/#website"},"datePublished":"2012-02-28T02:53:51+00:00","dateModified":"2012-07-27T16:10:21+00:00","breadcrumb":{"@id":"https:\/\/diretodasacristia.com\/home\/sobre\/#breadcrumb"},"inLanguage":"pt-BR","potentialAction":[{"@type":"ReadAction","target":["https:\/\/diretodasacristia.com\/home\/sobre\/"]}]},{"@type":"BreadcrumbList","@id":"https:\/\/diretodasacristia.com\/home\/sobre\/#breadcrumb","itemListElement":[{"@type":"ListItem","position":1,"name":"In\u00edcio","item":"https:\/\/diretodasacristia.com\/home\/"},{"@type":"ListItem","position":2,"name":"Sobre"}]},{"@type":"WebSite","@id":"https:\/\/diretodasacristia.com\/home\/#website","url":"https:\/\/diretodasacristia.com\/home\/","name":"Direto da Sacristia","description":"Not\u00edcias e artigos sobre a f\u00e9 cat\u00f3lica","publisher":{"@id":"https:\/\/diretodasacristia.com\/home\/#organization"},"potentialAction":[{"@type":"SearchAction","target":{"@type":"EntryPoint","urlTemplate":"https:\/\/diretodasacristia.com\/home\/?s={search_term_string}"},"query-input":{"@type":"PropertyValueSpecification","valueRequired":true,"valueName":"search_term_string"}}],"inLanguage":"pt-BR"},{"@type":"Organization","@id":"https:\/\/diretodasacristia.com\/home\/#organization","name":"Direto da Sacristia","url":"https:\/\/diretodasacristia.com\/home\/","logo":{"@type":"ImageObject","inLanguage":"pt-BR","@id":"https:\/\/diretodasacristia.com\/home\/#\/schema\/logo\/image\/","url":"https:\/\/i0.wp.com\/diretodasacristia.com\/home\/wp-content\/uploads\/2012\/01\/marca-sacristia.png?fit=320%2C306&ssl=1","contentUrl":"https:\/\/i0.wp.com\/diretodasacristia.com\/home\/wp-content\/uploads\/2012\/01\/marca-sacristia.png?fit=320%2C306&ssl=1","width":"320","height":"306","caption":"Direto da Sacristia"},"image":{"@id":"https:\/\/diretodasacristia.com\/home\/#\/schema\/logo\/image\/"},"sameAs":["https:\/\/www.facebook.com\/DiretoSacristia","https:\/\/x.com\/diretosacristia","https:\/\/www.instagram.com\/diretodasacristia\/","https:\/\/www.youtube.com\/diretodasacristia"]}]}},"jetpack_sharing_enabled":true,"jetpack_shortlink":"https:\/\/wp.me\/P24aG7-k7","jetpack-related-posts":[{"id":5147,"url":"https:\/\/diretodasacristia.com\/home\/programa-das-9-missas-pelo-papa-francisco\/","url_meta":{"origin":1247,"position":0},"title":"Programa das 9 missas pelo Papa Francisco","author":"E. Mar\u00e7al","date":"25 de abril de 2025","format":false,"excerpt":"Segundo um antigo costume, durante nove dias consecutivos celebram-se celebra\u00e7\u00f5eseucar\u00edsticas especiais em sufr\u00e1gio do Romano Pont\u00edfice falecido, come\u00e7ando pela Missa deEx\u00e9quias.Essas celebra\u00e7\u00f5es s\u00e3o abertas a todos. No entanto, preveem, a cada dia, a participa\u00e7\u00e3o deum grupo diferente, levando em considera\u00e7\u00e3o seus v\u00ednculos com o Romano Pont\u00edfice. Essavariedade de assembleias demonstra,\u2026","rel":"","context":"Em &quot;Sem categoria&quot;","block_context":{"text":"Sem categoria","link":"https:\/\/diretodasacristia.com\/home\/c\/sem-categoria\/"},"img":{"alt_text":"","src":"","width":0,"height":0},"classes":[]}],"post_mailing_queue_ids":[],"_links":{"self":[{"href":"https:\/\/diretodasacristia.com\/home\/wp-json\/wp\/v2\/pages\/1247","targetHints":{"allow":["GET"]}}],"collection":[{"href":"https:\/\/diretodasacristia.com\/home\/wp-json\/wp\/v2\/pages"}],"about":[{"href":"https:\/\/diretodasacristia.com\/home\/wp-json\/wp\/v2\/types\/page"}],"author":[{"embeddable":true,"href":"https:\/\/diretodasacristia.com\/home\/wp-json\/wp\/v2\/users\/3"}],"replies":[{"embeddable":true,"href":"https:\/\/diretodasacristia.com\/home\/wp-json\/wp\/v2\/comments?post=1247"}],"version-history":[{"count":16,"href":"https:\/\/diretodasacristia.com\/home\/wp-json\/wp\/v2\/pages\/1247\/revisions"}],"predecessor-version":[{"id":5167,"href":"https:\/\/diretodasacristia.com\/home\/wp-json\/wp\/v2\/pages\/1247\/revisions\/5167"}],"wp:attachment":[{"href":"https:\/\/diretodasacristia.com\/home\/wp-json\/wp\/v2\/media?parent=1247"}],"curies":[{"name":"wp","href":"https:\/\/api.w.org\/{rel}","templated":true}]}}