{"id":1751,"date":"2012-03-20T13:26:52","date_gmt":"2012-03-20T16:26:52","guid":{"rendered":"http:\/\/diretodasacristia.com\/home\/?page_id=1751"},"modified":"2012-07-27T13:10:21","modified_gmt":"2012-07-27T16:10:21","slug":"deposito-da-fe-2","status":"publish","type":"page","link":"https:\/\/diretodasacristia.com\/home\/deposito-da-fe-2\/","title":{"rendered":"Dep\u00f3sito da f\u00e9"},"content":{"rendered":"","protected":false},"excerpt":{"rendered":"","protected":false},"author":3,"featured_media":0,"parent":0,"menu_order":0,"comment_status":"open","ping_status":"open","template":"template-fullwidth.php","meta":{"jetpack_post_was_ever_published":false,"_joinchat":[],"footnotes":""},"class_list":["post-1751","page","type-page","status-publish","hentry"],"yoast_head":"<!-- This site is optimized with the Yoast SEO plugin v27.0 - https:\/\/yoast.com\/product\/yoast-seo-wordpress\/ -->\n<title>Dep\u00f3sito da f\u00e9 - Direto da Sacristia<\/title>\n<meta name=\"robots\" content=\"index, follow, max-snippet:-1, max-image-preview:large, max-video-preview:-1\" \/>\n<link rel=\"canonical\" href=\"https:\/\/diretodasacristia.com\/home\/deposito-da-fe-2\/\" \/>\n<meta property=\"og:locale\" content=\"pt_BR\" \/>\n<meta property=\"og:type\" content=\"article\" \/>\n<meta property=\"og:title\" content=\"Dep\u00f3sito da f\u00e9 - Direto da Sacristia\" \/>\n<meta property=\"og:url\" content=\"https:\/\/diretodasacristia.com\/home\/deposito-da-fe-2\/\" \/>\n<meta property=\"og:site_name\" content=\"Direto da Sacristia\" \/>\n<meta property=\"article:publisher\" content=\"https:\/\/www.facebook.com\/DiretoSacristia\" \/>\n<meta property=\"article:modified_time\" content=\"2012-07-27T16:10:21+00:00\" \/>\n<meta name=\"twitter:card\" content=\"summary_large_image\" \/>\n<meta name=\"twitter:site\" content=\"@diretosacristia\" \/>\n<script type=\"application\/ld+json\" class=\"yoast-schema-graph\">{\"@context\":\"https:\/\/schema.org\",\"@graph\":[{\"@type\":\"WebPage\",\"@id\":\"https:\/\/diretodasacristia.com\/home\/deposito-da-fe-2\/\",\"url\":\"https:\/\/diretodasacristia.com\/home\/deposito-da-fe-2\/\",\"name\":\"Dep\u00f3sito da f\u00e9 - Direto da Sacristia\",\"isPartOf\":{\"@id\":\"https:\/\/diretodasacristia.com\/home\/#website\"},\"datePublished\":\"2012-03-20T16:26:52+00:00\",\"dateModified\":\"2012-07-27T16:10:21+00:00\",\"breadcrumb\":{\"@id\":\"https:\/\/diretodasacristia.com\/home\/deposito-da-fe-2\/#breadcrumb\"},\"inLanguage\":\"pt-BR\",\"potentialAction\":[{\"@type\":\"ReadAction\",\"target\":[\"https:\/\/diretodasacristia.com\/home\/deposito-da-fe-2\/\"]}]},{\"@type\":\"BreadcrumbList\",\"@id\":\"https:\/\/diretodasacristia.com\/home\/deposito-da-fe-2\/#breadcrumb\",\"itemListElement\":[{\"@type\":\"ListItem\",\"position\":1,\"name\":\"In\u00edcio\",\"item\":\"https:\/\/diretodasacristia.com\/home\/\"},{\"@type\":\"ListItem\",\"position\":2,\"name\":\"Dep\u00f3sito da f\u00e9\"}]},{\"@type\":\"WebSite\",\"@id\":\"https:\/\/diretodasacristia.com\/home\/#website\",\"url\":\"https:\/\/diretodasacristia.com\/home\/\",\"name\":\"Direto da Sacristia\",\"description\":\"Not\u00edcias e artigos sobre a f\u00e9 cat\u00f3lica\",\"publisher\":{\"@id\":\"https:\/\/diretodasacristia.com\/home\/#organization\"},\"potentialAction\":[{\"@type\":\"SearchAction\",\"target\":{\"@type\":\"EntryPoint\",\"urlTemplate\":\"https:\/\/diretodasacristia.com\/home\/?s={search_term_string}\"},\"query-input\":{\"@type\":\"PropertyValueSpecification\",\"valueRequired\":true,\"valueName\":\"search_term_string\"}}],\"inLanguage\":\"pt-BR\"},{\"@type\":\"Organization\",\"@id\":\"https:\/\/diretodasacristia.com\/home\/#organization\",\"name\":\"Direto da Sacristia\",\"url\":\"https:\/\/diretodasacristia.com\/home\/\",\"logo\":{\"@type\":\"ImageObject\",\"inLanguage\":\"pt-BR\",\"@id\":\"https:\/\/diretodasacristia.com\/home\/#\/schema\/logo\/image\/\",\"url\":\"https:\/\/i0.wp.com\/diretodasacristia.com\/home\/wp-content\/uploads\/2012\/01\/marca-sacristia.png?fit=320%2C306&ssl=1\",\"contentUrl\":\"https:\/\/i0.wp.com\/diretodasacristia.com\/home\/wp-content\/uploads\/2012\/01\/marca-sacristia.png?fit=320%2C306&ssl=1\",\"width\":\"320\",\"height\":\"306\",\"caption\":\"Direto da Sacristia\"},\"image\":{\"@id\":\"https:\/\/diretodasacristia.com\/home\/#\/schema\/logo\/image\/\"},\"sameAs\":[\"https:\/\/www.facebook.com\/DiretoSacristia\",\"https:\/\/x.com\/diretosacristia\",\"https:\/\/www.instagram.com\/diretodasacristia\/\",\"https:\/\/www.youtube.com\/diretodasacristia\"]}]}<\/script>\n<!-- \/ Yoast SEO plugin. -->","yoast_head_json":{"title":"Dep\u00f3sito da f\u00e9 - Direto da Sacristia","robots":{"index":"index","follow":"follow","max-snippet":"max-snippet:-1","max-image-preview":"max-image-preview:large","max-video-preview":"max-video-preview:-1"},"canonical":"https:\/\/diretodasacristia.com\/home\/deposito-da-fe-2\/","og_locale":"pt_BR","og_type":"article","og_title":"Dep\u00f3sito da f\u00e9 - Direto da Sacristia","og_url":"https:\/\/diretodasacristia.com\/home\/deposito-da-fe-2\/","og_site_name":"Direto da Sacristia","article_publisher":"https:\/\/www.facebook.com\/DiretoSacristia","article_modified_time":"2012-07-27T16:10:21+00:00","twitter_card":"summary_large_image","twitter_site":"@diretosacristia","schema":{"@context":"https:\/\/schema.org","@graph":[{"@type":"WebPage","@id":"https:\/\/diretodasacristia.com\/home\/deposito-da-fe-2\/","url":"https:\/\/diretodasacristia.com\/home\/deposito-da-fe-2\/","name":"Dep\u00f3sito da f\u00e9 - Direto da Sacristia","isPartOf":{"@id":"https:\/\/diretodasacristia.com\/home\/#website"},"datePublished":"2012-03-20T16:26:52+00:00","dateModified":"2012-07-27T16:10:21+00:00","breadcrumb":{"@id":"https:\/\/diretodasacristia.com\/home\/deposito-da-fe-2\/#breadcrumb"},"inLanguage":"pt-BR","potentialAction":[{"@type":"ReadAction","target":["https:\/\/diretodasacristia.com\/home\/deposito-da-fe-2\/"]}]},{"@type":"BreadcrumbList","@id":"https:\/\/diretodasacristia.com\/home\/deposito-da-fe-2\/#breadcrumb","itemListElement":[{"@type":"ListItem","position":1,"name":"In\u00edcio","item":"https:\/\/diretodasacristia.com\/home\/"},{"@type":"ListItem","position":2,"name":"Dep\u00f3sito da f\u00e9"}]},{"@type":"WebSite","@id":"https:\/\/diretodasacristia.com\/home\/#website","url":"https:\/\/diretodasacristia.com\/home\/","name":"Direto da Sacristia","description":"Not\u00edcias e artigos sobre a f\u00e9 cat\u00f3lica","publisher":{"@id":"https:\/\/diretodasacristia.com\/home\/#organization"},"potentialAction":[{"@type":"SearchAction","target":{"@type":"EntryPoint","urlTemplate":"https:\/\/diretodasacristia.com\/home\/?s={search_term_string}"},"query-input":{"@type":"PropertyValueSpecification","valueRequired":true,"valueName":"search_term_string"}}],"inLanguage":"pt-BR"},{"@type":"Organization","@id":"https:\/\/diretodasacristia.com\/home\/#organization","name":"Direto da Sacristia","url":"https:\/\/diretodasacristia.com\/home\/","logo":{"@type":"ImageObject","inLanguage":"pt-BR","@id":"https:\/\/diretodasacristia.com\/home\/#\/schema\/logo\/image\/","url":"https:\/\/i0.wp.com\/diretodasacristia.com\/home\/wp-content\/uploads\/2012\/01\/marca-sacristia.png?fit=320%2C306&ssl=1","contentUrl":"https:\/\/i0.wp.com\/diretodasacristia.com\/home\/wp-content\/uploads\/2012\/01\/marca-sacristia.png?fit=320%2C306&ssl=1","width":"320","height":"306","caption":"Direto da Sacristia"},"image":{"@id":"https:\/\/diretodasacristia.com\/home\/#\/schema\/logo\/image\/"},"sameAs":["https:\/\/www.facebook.com\/DiretoSacristia","https:\/\/x.com\/diretosacristia","https:\/\/www.instagram.com\/diretodasacristia\/","https:\/\/www.youtube.com\/diretodasacristia"]}]}},"jetpack_sharing_enabled":true,"jetpack_shortlink":"https:\/\/wp.me\/P24aG7-sf","jetpack-related-posts":[{"id":1247,"url":"https:\/\/diretodasacristia.com\/home\/sobre\/","url_meta":{"origin":1751,"position":0},"title":"Sobre","author":"E. Mar\u00e7al","date":"27 de fevereiro de 2012","format":false,"excerpt":"Em in\u00fameros de seus discursos, o Santo Padre Bento XVI tem pedido que a Igreja apresente o Evangelho e o Magist\u00e9rio em uma nova forma de evangeliza\u00e7\u00e3o, devido ao crescente relativismo religioso e doutrin\u00e1rio que s\u00e3o vis\u00edveis principalmente em pa\u00edses europeus onde outrora o Cristianismo era mais \u00e1vido. Esta vontade\u2026","rel":"","context":"Post similar","block_context":{"text":"Post similar","link":""},"img":{"alt_text":"","src":"https:\/\/i0.wp.com\/diretodasacristia.com\/home\/wp-content\/uploads\/2012\/02\/Paramenta%C3%A7%C3%A3o-cardeais-Bas%C3%ADlica-S%C3%A3o-Pedro-Missa-beatifica%C3%A7%C3%A3o-Jo%C3%A3o-Paulo-II-01-maio-2011.jpg?resize=350%2C200","width":350,"height":200},"classes":[]},{"id":5147,"url":"https:\/\/diretodasacristia.com\/home\/programa-das-9-missas-pelo-papa-francisco\/","url_meta":{"origin":1751,"position":1},"title":"Programa das 9 missas pelo Papa Francisco","author":"E. Mar\u00e7al","date":"25 de abril de 2025","format":false,"excerpt":"Segundo um antigo costume, durante nove dias consecutivos celebram-se celebra\u00e7\u00f5eseucar\u00edsticas especiais em sufr\u00e1gio do Romano Pont\u00edfice falecido, come\u00e7ando pela Missa deEx\u00e9quias.Essas celebra\u00e7\u00f5es s\u00e3o abertas a todos. No entanto, preveem, a cada dia, a participa\u00e7\u00e3o deum grupo diferente, levando em considera\u00e7\u00e3o seus v\u00ednculos com o Romano Pont\u00edfice. Essavariedade de assembleias demonstra,\u2026","rel":"","context":"Em &quot;Sem categoria&quot;","block_context":{"text":"Sem categoria","link":"https:\/\/diretodasacristia.com\/home\/c\/sem-categoria\/"},"img":{"alt_text":"","src":"","width":0,"height":0},"classes":[]}],"post_mailing_queue_ids":[],"_links":{"self":[{"href":"https:\/\/diretodasacristia.com\/home\/wp-json\/wp\/v2\/pages\/1751","targetHints":{"allow":["GET"]}}],"collection":[{"href":"https:\/\/diretodasacristia.com\/home\/wp-json\/wp\/v2\/pages"}],"about":[{"href":"https:\/\/diretodasacristia.com\/home\/wp-json\/wp\/v2\/types\/page"}],"author":[{"embeddable":true,"href":"https:\/\/diretodasacristia.com\/home\/wp-json\/wp\/v2\/users\/3"}],"replies":[{"embeddable":true,"href":"https:\/\/diretodasacristia.com\/home\/wp-json\/wp\/v2\/comments?post=1751"}],"version-history":[{"count":9,"href":"https:\/\/diretodasacristia.com\/home\/wp-json\/wp\/v2\/pages\/1751\/revisions"}],"predecessor-version":[{"id":3216,"href":"https:\/\/diretodasacristia.com\/home\/wp-json\/wp\/v2\/pages\/1751\/revisions\/3216"}],"wp:attachment":[{"href":"https:\/\/diretodasacristia.com\/home\/wp-json\/wp\/v2\/media?parent=1751"}],"curies":[{"name":"wp","href":"https:\/\/api.w.org\/{rel}","templated":true}]}}