{"id":4672,"date":"2016-09-22T18:02:59","date_gmt":"2016-09-22T21:02:59","guid":{"rendered":"http:\/\/diretodasacristia.com\/home\/checkout\/transaction-failed\/"},"modified":"2016-09-22T18:02:59","modified_gmt":"2016-09-22T21:02:59","slug":"transaction-failed","status":"publish","type":"page","link":"https:\/\/diretodasacristia.com\/home\/checkout\/transaction-failed\/","title":{"rendered":"Transaction Failed"},"content":{"rendered":"<p>Your transaction failed, please try again or contact site support.<\/p>\n","protected":false},"excerpt":{"rendered":"Your transaction failed, please try again or contact site support.","protected":false},"author":1,"featured_media":0,"parent":4670,"menu_order":0,"comment_status":"closed","ping_status":"closed","template":"","meta":{"jetpack_post_was_ever_published":false,"_joinchat":[],"footnotes":""},"class_list":["post-4672","page","type-page","status-publish","hentry"],"yoast_head":"<!-- This site is optimized with the Yoast SEO plugin v27.0 - https:\/\/yoast.com\/product\/yoast-seo-wordpress\/ -->\n<title>Transaction Failed - Direto da Sacristia<\/title>\n<meta name=\"robots\" content=\"index, follow, max-snippet:-1, max-image-preview:large, max-video-preview:-1\" \/>\n<link rel=\"canonical\" href=\"https:\/\/diretodasacristia.com\/home\/checkout\/transaction-failed\/\" \/>\n<meta property=\"og:locale\" content=\"pt_BR\" \/>\n<meta property=\"og:type\" content=\"article\" \/>\n<meta property=\"og:title\" content=\"Transaction Failed - Direto da Sacristia\" \/>\n<meta property=\"og:description\" content=\"Your transaction failed, please try again or contact site support.\" \/>\n<meta property=\"og:url\" content=\"https:\/\/diretodasacristia.com\/home\/checkout\/transaction-failed\/\" \/>\n<meta property=\"og:site_name\" content=\"Direto da Sacristia\" \/>\n<meta property=\"article:publisher\" content=\"https:\/\/www.facebook.com\/DiretoSacristia\" \/>\n<meta name=\"twitter:card\" content=\"summary_large_image\" \/>\n<meta name=\"twitter:site\" content=\"@diretosacristia\" \/>\n<script type=\"application\/ld+json\" class=\"yoast-schema-graph\">{\"@context\":\"https:\/\/schema.org\",\"@graph\":[{\"@type\":\"WebPage\",\"@id\":\"https:\/\/diretodasacristia.com\/home\/checkout\/transaction-failed\/\",\"url\":\"https:\/\/diretodasacristia.com\/home\/checkout\/transaction-failed\/\",\"name\":\"Transaction Failed - Direto da Sacristia\",\"isPartOf\":{\"@id\":\"https:\/\/diretodasacristia.com\/home\/#website\"},\"datePublished\":\"2016-09-22T21:02:59+00:00\",\"breadcrumb\":{\"@id\":\"https:\/\/diretodasacristia.com\/home\/checkout\/transaction-failed\/#breadcrumb\"},\"inLanguage\":\"pt-BR\",\"potentialAction\":[{\"@type\":\"ReadAction\",\"target\":[\"https:\/\/diretodasacristia.com\/home\/checkout\/transaction-failed\/\"]}]},{\"@type\":\"BreadcrumbList\",\"@id\":\"https:\/\/diretodasacristia.com\/home\/checkout\/transaction-failed\/#breadcrumb\",\"itemListElement\":[{\"@type\":\"ListItem\",\"position\":1,\"name\":\"In\u00edcio\",\"item\":\"https:\/\/diretodasacristia.com\/home\/\"},{\"@type\":\"ListItem\",\"position\":2,\"name\":\"Checkout\",\"item\":\"https:\/\/diretodasacristia.com\/home\/checkout\/\"},{\"@type\":\"ListItem\",\"position\":3,\"name\":\"Transaction Failed\"}]},{\"@type\":\"WebSite\",\"@id\":\"https:\/\/diretodasacristia.com\/home\/#website\",\"url\":\"https:\/\/diretodasacristia.com\/home\/\",\"name\":\"Direto da Sacristia\",\"description\":\"Not\u00edcias e artigos sobre a f\u00e9 cat\u00f3lica\",\"publisher\":{\"@id\":\"https:\/\/diretodasacristia.com\/home\/#organization\"},\"potentialAction\":[{\"@type\":\"SearchAction\",\"target\":{\"@type\":\"EntryPoint\",\"urlTemplate\":\"https:\/\/diretodasacristia.com\/home\/?s={search_term_string}\"},\"query-input\":{\"@type\":\"PropertyValueSpecification\",\"valueRequired\":true,\"valueName\":\"search_term_string\"}}],\"inLanguage\":\"pt-BR\"},{\"@type\":\"Organization\",\"@id\":\"https:\/\/diretodasacristia.com\/home\/#organization\",\"name\":\"Direto da Sacristia\",\"url\":\"https:\/\/diretodasacristia.com\/home\/\",\"logo\":{\"@type\":\"ImageObject\",\"inLanguage\":\"pt-BR\",\"@id\":\"https:\/\/diretodasacristia.com\/home\/#\/schema\/logo\/image\/\",\"url\":\"https:\/\/i0.wp.com\/diretodasacristia.com\/home\/wp-content\/uploads\/2012\/01\/marca-sacristia.png?fit=320%2C306&ssl=1\",\"contentUrl\":\"https:\/\/i0.wp.com\/diretodasacristia.com\/home\/wp-content\/uploads\/2012\/01\/marca-sacristia.png?fit=320%2C306&ssl=1\",\"width\":\"320\",\"height\":\"306\",\"caption\":\"Direto da Sacristia\"},\"image\":{\"@id\":\"https:\/\/diretodasacristia.com\/home\/#\/schema\/logo\/image\/\"},\"sameAs\":[\"https:\/\/www.facebook.com\/DiretoSacristia\",\"https:\/\/x.com\/diretosacristia\",\"https:\/\/www.instagram.com\/diretodasacristia\/\",\"https:\/\/www.youtube.com\/diretodasacristia\"]}]}<\/script>\n<!-- \/ Yoast SEO plugin. -->","yoast_head_json":{"title":"Transaction Failed - Direto da Sacristia","robots":{"index":"index","follow":"follow","max-snippet":"max-snippet:-1","max-image-preview":"max-image-preview:large","max-video-preview":"max-video-preview:-1"},"canonical":"https:\/\/diretodasacristia.com\/home\/checkout\/transaction-failed\/","og_locale":"pt_BR","og_type":"article","og_title":"Transaction Failed - Direto da Sacristia","og_description":"Your transaction failed, please try again or contact site support.","og_url":"https:\/\/diretodasacristia.com\/home\/checkout\/transaction-failed\/","og_site_name":"Direto da Sacristia","article_publisher":"https:\/\/www.facebook.com\/DiretoSacristia","twitter_card":"summary_large_image","twitter_site":"@diretosacristia","schema":{"@context":"https:\/\/schema.org","@graph":[{"@type":"WebPage","@id":"https:\/\/diretodasacristia.com\/home\/checkout\/transaction-failed\/","url":"https:\/\/diretodasacristia.com\/home\/checkout\/transaction-failed\/","name":"Transaction Failed - Direto da Sacristia","isPartOf":{"@id":"https:\/\/diretodasacristia.com\/home\/#website"},"datePublished":"2016-09-22T21:02:59+00:00","breadcrumb":{"@id":"https:\/\/diretodasacristia.com\/home\/checkout\/transaction-failed\/#breadcrumb"},"inLanguage":"pt-BR","potentialAction":[{"@type":"ReadAction","target":["https:\/\/diretodasacristia.com\/home\/checkout\/transaction-failed\/"]}]},{"@type":"BreadcrumbList","@id":"https:\/\/diretodasacristia.com\/home\/checkout\/transaction-failed\/#breadcrumb","itemListElement":[{"@type":"ListItem","position":1,"name":"In\u00edcio","item":"https:\/\/diretodasacristia.com\/home\/"},{"@type":"ListItem","position":2,"name":"Checkout","item":"https:\/\/diretodasacristia.com\/home\/checkout\/"},{"@type":"ListItem","position":3,"name":"Transaction Failed"}]},{"@type":"WebSite","@id":"https:\/\/diretodasacristia.com\/home\/#website","url":"https:\/\/diretodasacristia.com\/home\/","name":"Direto da Sacristia","description":"Not\u00edcias e artigos sobre a f\u00e9 cat\u00f3lica","publisher":{"@id":"https:\/\/diretodasacristia.com\/home\/#organization"},"potentialAction":[{"@type":"SearchAction","target":{"@type":"EntryPoint","urlTemplate":"https:\/\/diretodasacristia.com\/home\/?s={search_term_string}"},"query-input":{"@type":"PropertyValueSpecification","valueRequired":true,"valueName":"search_term_string"}}],"inLanguage":"pt-BR"},{"@type":"Organization","@id":"https:\/\/diretodasacristia.com\/home\/#organization","name":"Direto da Sacristia","url":"https:\/\/diretodasacristia.com\/home\/","logo":{"@type":"ImageObject","inLanguage":"pt-BR","@id":"https:\/\/diretodasacristia.com\/home\/#\/schema\/logo\/image\/","url":"https:\/\/i0.wp.com\/diretodasacristia.com\/home\/wp-content\/uploads\/2012\/01\/marca-sacristia.png?fit=320%2C306&ssl=1","contentUrl":"https:\/\/i0.wp.com\/diretodasacristia.com\/home\/wp-content\/uploads\/2012\/01\/marca-sacristia.png?fit=320%2C306&ssl=1","width":"320","height":"306","caption":"Direto da Sacristia"},"image":{"@id":"https:\/\/diretodasacristia.com\/home\/#\/schema\/logo\/image\/"},"sameAs":["https:\/\/www.facebook.com\/DiretoSacristia","https:\/\/x.com\/diretosacristia","https:\/\/www.instagram.com\/diretodasacristia\/","https:\/\/www.youtube.com\/diretodasacristia"]}]}},"jetpack_sharing_enabled":true,"jetpack_shortlink":"https:\/\/wp.me\/P24aG7-1dm","jetpack-related-posts":[{"id":28,"url":"https:\/\/diretodasacristia.com\/home\/about\/","url_meta":{"origin":4672,"position":0},"title":"About","author":"E. Mar\u00e7al","date":"14 de dezembro de 2011","format":false,"excerpt":"This is an example of a WordPress page, you could edit this to put information about yourself or your site so readers know where you are coming from. You can create as many pages like this one or sub-pages as you like and manage all of your content inside of\u2026","rel":"","context":"Post similar","block_context":{"text":"Post similar","link":""},"img":{"alt_text":"","src":"","width":0,"height":0},"classes":[]},{"id":4671,"url":"https:\/\/diretodasacristia.com\/home\/checkout\/purchase-confirmation\/","url_meta":{"origin":4672,"position":1},"title":"Purchase Confirmation","author":"","date":"22 de setembro de 2016","format":false,"excerpt":"Thank you for your purchase! [edd_receipt]","rel":"","context":"Post similar","block_context":{"text":"Post similar","link":""},"img":{"alt_text":"","src":"","width":0,"height":0},"classes":[]}],"post_mailing_queue_ids":[],"_links":{"self":[{"href":"https:\/\/diretodasacristia.com\/home\/wp-json\/wp\/v2\/pages\/4672","targetHints":{"allow":["GET"]}}],"collection":[{"href":"https:\/\/diretodasacristia.com\/home\/wp-json\/wp\/v2\/pages"}],"about":[{"href":"https:\/\/diretodasacristia.com\/home\/wp-json\/wp\/v2\/types\/page"}],"author":[{"embeddable":true,"href":"https:\/\/diretodasacristia.com\/home\/wp-json\/wp\/v2\/users\/1"}],"replies":[{"embeddable":true,"href":"https:\/\/diretodasacristia.com\/home\/wp-json\/wp\/v2\/comments?post=4672"}],"version-history":[{"count":0,"href":"https:\/\/diretodasacristia.com\/home\/wp-json\/wp\/v2\/pages\/4672\/revisions"}],"up":[{"embeddable":true,"href":"https:\/\/diretodasacristia.com\/home\/wp-json\/wp\/v2\/pages\/4670"}],"wp:attachment":[{"href":"https:\/\/diretodasacristia.com\/home\/wp-json\/wp\/v2\/media?parent=4672"}],"curies":[{"name":"wp","href":"https:\/\/api.w.org\/{rel}","templated":true}]}}