{"id":738,"date":"2012-02-13T19:12:20","date_gmt":"2012-02-13T22:12:20","guid":{"rendered":"http:\/\/diretodasacristia.com\/home\/?page_id=738"},"modified":"2012-07-27T13:10:21","modified_gmt":"2012-07-27T16:10:21","slug":"orgao","status":"publish","type":"page","link":"https:\/\/diretodasacristia.com\/home\/orgao\/","title":{"rendered":"\u00d3rg\u00e3o"},"content":{"rendered":"<p>Acesse aqui algumas m\u00fasicas.<\/p>\n<p><img loading=\"lazy\" decoding=\"async\" style=\"visibility: hidden; width: 0px; height: 0px;\" src=\"http:\/\/c.gigcount.com\/wildfire\/IMP\/CXNID=2000002.11NXC\/bT*xJmx*PTEzMDA3OTE4NTM*MzYmcHQ9MTMwMDc5MTk4ODcyOSZwPTE4MDMxJmQ9Jmc9MQ==.gif\" alt=\"\" width=\"0\" height=\"0\" border=\"0\" \/><object style=\"visibility: visible; width: 350px; height: 311px;\" width=\"410\" height=\"311\" classid=\"clsid:d27cdb6e-ae6d-11cf-96b8-444553540000\" codebase=\"http:\/\/download.macromedia.com\/pub\/shockwave\/cabs\/flash\/swflash.cab#version=6,0,40,0\"><param name=\"src\" value=\"http:\/\/assets.mixpod.com\/swf\/mp3\/mixpod.swf?myid=75333815&amp;path=2011\/01\/12\" \/><param name=\"quality\" value=\"high\" \/><param name=\"wmode\" value=\"window\" \/><param name=\"flashvars\" value=\"mycolor=f1dbb2&amp;mycolor2=e4c185&amp;mycolor3=554000&amp;autoplay=false&amp;rand=0&amp;f=4&amp;vol=100&amp;pat=0&amp;grad=false\" \/><param name=\"salign\" value=\"TL\" \/><param name=\"pluginspage\" value=\"http:\/\/www.macromedia.com\/go\/getflashplayer\" \/><param name=\"border\" value=\"0\" \/><\/object><\/p>\n","protected":false},"excerpt":{"rendered":"Acesse aqui algumas m\u00fasicas.","protected":false},"author":3,"featured_media":0,"parent":0,"menu_order":0,"comment_status":"open","ping_status":"open","template":"template-fullwidth.php","meta":{"jetpack_post_was_ever_published":false,"_joinchat":[],"footnotes":""},"class_list":["post-738","page","type-page","status-publish","hentry"],"yoast_head":"<!-- This site is optimized with the Yoast SEO plugin v27.4 - https:\/\/yoast.com\/product\/yoast-seo-wordpress\/ -->\n<title>\u00d3rg\u00e3o - Direto da Sacristia<\/title>\n<meta name=\"robots\" content=\"index, follow, max-snippet:-1, max-image-preview:large, max-video-preview:-1\" \/>\n<link rel=\"canonical\" href=\"https:\/\/diretodasacristia.com\/home\/orgao\/\" \/>\n<meta property=\"og:locale\" content=\"pt_BR\" \/>\n<meta property=\"og:type\" content=\"article\" \/>\n<meta property=\"og:title\" content=\"\u00d3rg\u00e3o - Direto da Sacristia\" \/>\n<meta property=\"og:description\" content=\"Acesse aqui algumas m\u00fasicas.\" \/>\n<meta property=\"og:url\" content=\"https:\/\/diretodasacristia.com\/home\/orgao\/\" \/>\n<meta property=\"og:site_name\" content=\"Direto da Sacristia\" \/>\n<meta property=\"article:publisher\" content=\"https:\/\/www.facebook.com\/DiretoSacristia\" \/>\n<meta property=\"article:modified_time\" content=\"2012-07-27T16:10:21+00:00\" \/>\n<meta property=\"og:image\" content=\"http:\/\/c.gigcount.com\/wildfire\/IMP\/CXNID=2000002.11NXC\/bT*xJmx*PTEzMDA3OTE4NTM*MzYmcHQ9MTMwMDc5MTk4ODcyOSZwPTE4MDMxJmQ9Jmc9MQ==.gif\" \/>\n<meta name=\"twitter:card\" content=\"summary_large_image\" \/>\n<meta name=\"twitter:site\" content=\"@diretosacristia\" \/>\n<script type=\"application\/ld+json\" class=\"yoast-schema-graph\">{\"@context\":\"https:\\\/\\\/schema.org\",\"@graph\":[{\"@type\":\"WebPage\",\"@id\":\"https:\\\/\\\/diretodasacristia.com\\\/home\\\/orgao\\\/\",\"url\":\"https:\\\/\\\/diretodasacristia.com\\\/home\\\/orgao\\\/\",\"name\":\"\u00d3rg\u00e3o - Direto da Sacristia\",\"isPartOf\":{\"@id\":\"https:\\\/\\\/diretodasacristia.com\\\/home\\\/#website\"},\"primaryImageOfPage\":{\"@id\":\"https:\\\/\\\/diretodasacristia.com\\\/home\\\/orgao\\\/#primaryimage\"},\"image\":{\"@id\":\"https:\\\/\\\/diretodasacristia.com\\\/home\\\/orgao\\\/#primaryimage\"},\"thumbnailUrl\":\"http:\\\/\\\/c.gigcount.com\\\/wildfire\\\/IMP\\\/CXNID=2000002.11NXC\\\/bT*xJmx*PTEzMDA3OTE4NTM*MzYmcHQ9MTMwMDc5MTk4ODcyOSZwPTE4MDMxJmQ9Jmc9MQ==.gif\",\"datePublished\":\"2012-02-13T22:12:20+00:00\",\"dateModified\":\"2012-07-27T16:10:21+00:00\",\"breadcrumb\":{\"@id\":\"https:\\\/\\\/diretodasacristia.com\\\/home\\\/orgao\\\/#breadcrumb\"},\"inLanguage\":\"pt-BR\",\"potentialAction\":[{\"@type\":\"ReadAction\",\"target\":[\"https:\\\/\\\/diretodasacristia.com\\\/home\\\/orgao\\\/\"]}]},{\"@type\":\"ImageObject\",\"inLanguage\":\"pt-BR\",\"@id\":\"https:\\\/\\\/diretodasacristia.com\\\/home\\\/orgao\\\/#primaryimage\",\"url\":\"http:\\\/\\\/c.gigcount.com\\\/wildfire\\\/IMP\\\/CXNID=2000002.11NXC\\\/bT*xJmx*PTEzMDA3OTE4NTM*MzYmcHQ9MTMwMDc5MTk4ODcyOSZwPTE4MDMxJmQ9Jmc9MQ==.gif\",\"contentUrl\":\"http:\\\/\\\/c.gigcount.com\\\/wildfire\\\/IMP\\\/CXNID=2000002.11NXC\\\/bT*xJmx*PTEzMDA3OTE4NTM*MzYmcHQ9MTMwMDc5MTk4ODcyOSZwPTE4MDMxJmQ9Jmc9MQ==.gif\"},{\"@type\":\"BreadcrumbList\",\"@id\":\"https:\\\/\\\/diretodasacristia.com\\\/home\\\/orgao\\\/#breadcrumb\",\"itemListElement\":[{\"@type\":\"ListItem\",\"position\":1,\"name\":\"In\u00edcio\",\"item\":\"https:\\\/\\\/diretodasacristia.com\\\/home\\\/\"},{\"@type\":\"ListItem\",\"position\":2,\"name\":\"\u00d3rg\u00e3o\"}]},{\"@type\":\"WebSite\",\"@id\":\"https:\\\/\\\/diretodasacristia.com\\\/home\\\/#website\",\"url\":\"https:\\\/\\\/diretodasacristia.com\\\/home\\\/\",\"name\":\"Direto da Sacristia\",\"description\":\"Not\u00edcias e artigos sobre a f\u00e9 cat\u00f3lica\",\"publisher\":{\"@id\":\"https:\\\/\\\/diretodasacristia.com\\\/home\\\/#organization\"},\"potentialAction\":[{\"@type\":\"SearchAction\",\"target\":{\"@type\":\"EntryPoint\",\"urlTemplate\":\"https:\\\/\\\/diretodasacristia.com\\\/home\\\/?s={search_term_string}\"},\"query-input\":{\"@type\":\"PropertyValueSpecification\",\"valueRequired\":true,\"valueName\":\"search_term_string\"}}],\"inLanguage\":\"pt-BR\"},{\"@type\":\"Organization\",\"@id\":\"https:\\\/\\\/diretodasacristia.com\\\/home\\\/#organization\",\"name\":\"Direto da Sacristia\",\"url\":\"https:\\\/\\\/diretodasacristia.com\\\/home\\\/\",\"logo\":{\"@type\":\"ImageObject\",\"inLanguage\":\"pt-BR\",\"@id\":\"https:\\\/\\\/diretodasacristia.com\\\/home\\\/#\\\/schema\\\/logo\\\/image\\\/\",\"url\":\"https:\\\/\\\/i0.wp.com\\\/diretodasacristia.com\\\/home\\\/wp-content\\\/uploads\\\/2012\\\/01\\\/marca-sacristia.png?fit=320%2C306&ssl=1\",\"contentUrl\":\"https:\\\/\\\/i0.wp.com\\\/diretodasacristia.com\\\/home\\\/wp-content\\\/uploads\\\/2012\\\/01\\\/marca-sacristia.png?fit=320%2C306&ssl=1\",\"width\":\"320\",\"height\":\"306\",\"caption\":\"Direto da Sacristia\"},\"image\":{\"@id\":\"https:\\\/\\\/diretodasacristia.com\\\/home\\\/#\\\/schema\\\/logo\\\/image\\\/\"},\"sameAs\":[\"https:\\\/\\\/www.facebook.com\\\/DiretoSacristia\",\"https:\\\/\\\/x.com\\\/diretosacristia\",\"https:\\\/\\\/www.instagram.com\\\/diretodasacristia\\\/\",\"https:\\\/\\\/www.youtube.com\\\/diretodasacristia\"]}]}<\/script>\n<!-- \/ Yoast SEO plugin. -->","yoast_head_json":{"title":"\u00d3rg\u00e3o - Direto da Sacristia","robots":{"index":"index","follow":"follow","max-snippet":"max-snippet:-1","max-image-preview":"max-image-preview:large","max-video-preview":"max-video-preview:-1"},"canonical":"https:\/\/diretodasacristia.com\/home\/orgao\/","og_locale":"pt_BR","og_type":"article","og_title":"\u00d3rg\u00e3o - Direto da Sacristia","og_description":"Acesse aqui algumas m\u00fasicas.","og_url":"https:\/\/diretodasacristia.com\/home\/orgao\/","og_site_name":"Direto da Sacristia","article_publisher":"https:\/\/www.facebook.com\/DiretoSacristia","article_modified_time":"2012-07-27T16:10:21+00:00","og_image":[{"url":"http:\/\/c.gigcount.com\/wildfire\/IMP\/CXNID=2000002.11NXC\/bT*xJmx*PTEzMDA3OTE4NTM*MzYmcHQ9MTMwMDc5MTk4ODcyOSZwPTE4MDMxJmQ9Jmc9MQ==.gif","type":"","width":"","height":""}],"twitter_card":"summary_large_image","twitter_site":"@diretosacristia","schema":{"@context":"https:\/\/schema.org","@graph":[{"@type":"WebPage","@id":"https:\/\/diretodasacristia.com\/home\/orgao\/","url":"https:\/\/diretodasacristia.com\/home\/orgao\/","name":"\u00d3rg\u00e3o - Direto da Sacristia","isPartOf":{"@id":"https:\/\/diretodasacristia.com\/home\/#website"},"primaryImageOfPage":{"@id":"https:\/\/diretodasacristia.com\/home\/orgao\/#primaryimage"},"image":{"@id":"https:\/\/diretodasacristia.com\/home\/orgao\/#primaryimage"},"thumbnailUrl":"http:\/\/c.gigcount.com\/wildfire\/IMP\/CXNID=2000002.11NXC\/bT*xJmx*PTEzMDA3OTE4NTM*MzYmcHQ9MTMwMDc5MTk4ODcyOSZwPTE4MDMxJmQ9Jmc9MQ==.gif","datePublished":"2012-02-13T22:12:20+00:00","dateModified":"2012-07-27T16:10:21+00:00","breadcrumb":{"@id":"https:\/\/diretodasacristia.com\/home\/orgao\/#breadcrumb"},"inLanguage":"pt-BR","potentialAction":[{"@type":"ReadAction","target":["https:\/\/diretodasacristia.com\/home\/orgao\/"]}]},{"@type":"ImageObject","inLanguage":"pt-BR","@id":"https:\/\/diretodasacristia.com\/home\/orgao\/#primaryimage","url":"http:\/\/c.gigcount.com\/wildfire\/IMP\/CXNID=2000002.11NXC\/bT*xJmx*PTEzMDA3OTE4NTM*MzYmcHQ9MTMwMDc5MTk4ODcyOSZwPTE4MDMxJmQ9Jmc9MQ==.gif","contentUrl":"http:\/\/c.gigcount.com\/wildfire\/IMP\/CXNID=2000002.11NXC\/bT*xJmx*PTEzMDA3OTE4NTM*MzYmcHQ9MTMwMDc5MTk4ODcyOSZwPTE4MDMxJmQ9Jmc9MQ==.gif"},{"@type":"BreadcrumbList","@id":"https:\/\/diretodasacristia.com\/home\/orgao\/#breadcrumb","itemListElement":[{"@type":"ListItem","position":1,"name":"In\u00edcio","item":"https:\/\/diretodasacristia.com\/home\/"},{"@type":"ListItem","position":2,"name":"\u00d3rg\u00e3o"}]},{"@type":"WebSite","@id":"https:\/\/diretodasacristia.com\/home\/#website","url":"https:\/\/diretodasacristia.com\/home\/","name":"Direto da Sacristia","description":"Not\u00edcias e artigos sobre a f\u00e9 cat\u00f3lica","publisher":{"@id":"https:\/\/diretodasacristia.com\/home\/#organization"},"potentialAction":[{"@type":"SearchAction","target":{"@type":"EntryPoint","urlTemplate":"https:\/\/diretodasacristia.com\/home\/?s={search_term_string}"},"query-input":{"@type":"PropertyValueSpecification","valueRequired":true,"valueName":"search_term_string"}}],"inLanguage":"pt-BR"},{"@type":"Organization","@id":"https:\/\/diretodasacristia.com\/home\/#organization","name":"Direto da Sacristia","url":"https:\/\/diretodasacristia.com\/home\/","logo":{"@type":"ImageObject","inLanguage":"pt-BR","@id":"https:\/\/diretodasacristia.com\/home\/#\/schema\/logo\/image\/","url":"https:\/\/i0.wp.com\/diretodasacristia.com\/home\/wp-content\/uploads\/2012\/01\/marca-sacristia.png?fit=320%2C306&ssl=1","contentUrl":"https:\/\/i0.wp.com\/diretodasacristia.com\/home\/wp-content\/uploads\/2012\/01\/marca-sacristia.png?fit=320%2C306&ssl=1","width":"320","height":"306","caption":"Direto da Sacristia"},"image":{"@id":"https:\/\/diretodasacristia.com\/home\/#\/schema\/logo\/image\/"},"sameAs":["https:\/\/www.facebook.com\/DiretoSacristia","https:\/\/x.com\/diretosacristia","https:\/\/www.instagram.com\/diretodasacristia\/","https:\/\/www.youtube.com\/diretodasacristia"]}]}},"jetpack_sharing_enabled":true,"jetpack_shortlink":"https:\/\/wp.me\/P24aG7-bU","jetpack-related-posts":[],"post_mailing_queue_ids":[],"_links":{"self":[{"href":"https:\/\/diretodasacristia.com\/home\/wp-json\/wp\/v2\/pages\/738","targetHints":{"allow":["GET"]}}],"collection":[{"href":"https:\/\/diretodasacristia.com\/home\/wp-json\/wp\/v2\/pages"}],"about":[{"href":"https:\/\/diretodasacristia.com\/home\/wp-json\/wp\/v2\/types\/page"}],"author":[{"embeddable":true,"href":"https:\/\/diretodasacristia.com\/home\/wp-json\/wp\/v2\/users\/3"}],"replies":[{"embeddable":true,"href":"https:\/\/diretodasacristia.com\/home\/wp-json\/wp\/v2\/comments?post=738"}],"version-history":[{"count":5,"href":"https:\/\/diretodasacristia.com\/home\/wp-json\/wp\/v2\/pages\/738\/revisions"}],"predecessor-version":[{"id":3220,"href":"https:\/\/diretodasacristia.com\/home\/wp-json\/wp\/v2\/pages\/738\/revisions\/3220"}],"wp:attachment":[{"href":"https:\/\/diretodasacristia.com\/home\/wp-json\/wp\/v2\/media?parent=738"}],"curies":[{"name":"wp","href":"https:\/\/api.w.org\/{rel}","templated":true}]}}